{"id":415,"date":"2025-03-24T14:01:56","date_gmt":"2025-03-24T14:01:56","guid":{"rendered":"https:\/\/a7shop.pl\/?post_type=product&#038;p=415"},"modified":"2025-11-29T10:08:01","modified_gmt":"2025-11-29T10:08:01","slug":"pojemnik-20l","status":"publish","type":"product","link":"https:\/\/a7shop.pl\/index.php\/produkt\/pojemnik-20l\/","title":{"rendered":"Pojemnik 20l"},"content":{"rendered":"<p>Ceny:<\/p>\n<table style=\"width: 100%; border-collapse: collapse; height: 92px;\" border=\"1\">\n<tbody>\n<tr style=\"height: 23px;\">\n<td style=\"width: 275.5px; height: 23px;\">Ilo\u015b\u0107:<\/td>\n<td style=\"width: 275.5px; height: 23px;\">Cena:<\/td>\n<\/tr>\n<tr style=\"height: 23px;\">\n<td style=\"width: 275.5px; height: 23px;\">1-25<\/td>\n<td style=\"width: 275.5px; height: 23px;\">17.44 pln<\/td>\n<\/tr>\n<tr style=\"height: 23px;\">\n<td style=\"width: 275.5px; height: 23px;\">26-50<\/td>\n<td style=\"width: 275.5px; height: 23px;\">17.20 pln<\/td>\n<\/tr>\n<tr>\n<td style=\"width: 275.5px;\">51-100<\/td>\n<td style=\"width: 275.5px;\">17.00 pln<\/td>\n<\/tr>\n<tr style=\"height: 23px;\">\n<td style=\"width: 275.5px; height: 23px;\">100+<\/td>\n<td style=\"width: 275.5px; height: 23px;\">Skontaktuj si\u0119 z nami po rabat tel. 501 704 075<\/td>\n<\/tr>\n<\/tbody>\n<\/table>\n<div class=\"v1gmail_default\"><span style=\"color: #ff0000;\"><b><br \/>\nPRZY ZAKUPIE CA\u0141EJ PALETY &#8211; 1 SZTUKA 11,34 Z\u0141 NETTO + VAT 23%\u00a0<\/b><\/span><\/div>\n<div class=\"v1gmail_default\"><span style=\"color: #ff0000;\"><b>TRANSPORT OD 160 Z\u0141 NETTO DO 260 Z\u0141 NETTO\u00a0+ VAT 23% W ZALE\u017bNO\u015aCI\u00a0OD ODLEG\u0141O\u015aCI DOSTAWY\u00a0<\/b><\/span><\/div>\n<div class=\"v1gmail_default\"><span style=\"color: #ff0000;\"><b>MO\u017bLIWO\u015a\u0106 SKOMPLETOWANIA PALETY R\u00d3\u017bNYCH POJEMNO\u015aCI W CENIE HURTOWEJ\u00a0<\/b><\/span><\/div>\n<p>SPECYFIKACJA TECHNICZNA<\/p>\n<table style=\"border-collapse: collapse; width: 100%; height: 237px;\" border=\"1\">\n<tbody>\n<tr style=\"height: 71px;\">\n<td style=\"width: 50%; height: 71px;\">wiadro:<br \/>\nD1: 326mm<br \/>\nH: 339mm<\/td>\n<td style=\"width: 50%; height: 71px;\">pokrywa:<br \/>\nD4: 326mm<br \/>\nD5: 90mm<\/td>\n<\/tr>\n<tr style=\"height: 71px;\">\n<td style=\"width: 50%; height: 71px;\">obj\u0119to\u015b\u0107 nominalna: 20 litr\u00f3w<br \/>\nobj\u0119to\u015b\u0107 do kraw\u0119dzi: 22.30 litr\u00f3w<\/td>\n<td style=\"width: 50%; height: 71px;\">materia\u0142: polipropylen (PP)<br \/>\ndost\u0119pne w kolorach:<br \/>\nczerwony<br \/>\n<span class=\"v1gmail_default\">*kolor wieczka i wiadra mog\u0105 si\u0119 r\u00f3\u017cni\u0107 odcieniami\u00a0<\/span><\/td>\n<\/tr>\n<tr style=\"height: 95px;\">\n<td style=\"width: 50%; height: 95px;\">pakowanie:<br \/>\nw workach po 10\/20 szt.<br \/>\nw kartonach po 16 szt.<\/td>\n<td style=\"width: 50%; height: 95px;\">transport:<br \/>\npaleta max: 300 szt. (worki)<br \/>\npaleta EUR: 144 szt. (9 karton\u00f3w), w workach 200 sztuk wys.180<br \/>\n250 szt. wys. 200cm<br \/>\nwysoko\u015b\u0107 palety: 185cm<\/td>\n<\/tr>\n<\/tbody>\n<\/table>\n<p>&nbsp;<\/p>\n<div class=\"v1gmail_default\"><\/div>\n","protected":false},"excerpt":{"rendered":"<p>Ceny: Ilo\u015b\u0107: Cena: 1-25 17.44 pln 26-50 17.20 pln 51-100 17.00 pln 100+ Skontaktuj si\u0119 z nami po rabat tel. 501 704 075 PRZY ZAKUPIE CA\u0141EJ PALETY &#8211; 1 SZTUKA 11,34 Z\u0141 NETTO + VAT 23%\u00a0 TRANSPORT OD 160 Z\u0141 NETTO DO 260 Z\u0141 NETTO\u00a0+ VAT 23% W ZALE\u017bNO\u015aCI\u00a0OD ODLEG\u0141O\u015aCI DOSTAWY\u00a0 MO\u017bLIWO\u015a\u0106 SKOMPLETOWANIA PALETY R\u00d3\u017bNYCH [&hellip;]<\/p>\n","protected":false},"featured_media":160,"template":"","meta":{"_et_pb_use_builder":"","_et_pb_old_content":"","_et_gb_content_width":""},"product_brand":[],"product_cat":[18,17],"product_tag":[],"class_list":{"0":"post-415","1":"product","2":"type-product","3":"status-publish","4":"has-post-thumbnail","6":"product_cat-pojemniki-na-odpady-medyczne","7":"product_cat-wszystkie-produkty","9":"first","10":"instock","11":"taxable","12":"shipping-taxable","13":"purchasable","14":"product-type-simple"},"yoast_head":"<!-- This site is optimized with the Yoast SEO plugin v27.5 - https:\/\/yoast.com\/product\/yoast-seo-wordpress\/ -->\n<title>Pojemnik 20l - A7shop<\/title>\n<meta name=\"robots\" content=\"index, follow, max-snippet:-1, max-image-preview:large, max-video-preview:-1\" \/>\n<link rel=\"canonical\" href=\"https:\/\/a7shop.pl\/index.php\/produkt\/pojemnik-20l\/\" \/>\n<meta property=\"og:locale\" content=\"pl_PL\" \/>\n<meta property=\"og:type\" content=\"article\" \/>\n<meta property=\"og:title\" content=\"Pojemnik 20l - A7shop\" \/>\n<meta property=\"og:description\" content=\"Ceny: Ilo\u015b\u0107: Cena: 1-25 17.44 pln 26-50 17.20 pln 51-100 17.00 pln 100+ Skontaktuj si\u0119 z nami po rabat tel. 501 704 075 PRZY ZAKUPIE CA\u0141EJ PALETY &#8211; 1 SZTUKA 11,34 Z\u0141 NETTO + VAT 23%\u00a0 TRANSPORT OD 160 Z\u0141 NETTO DO 260 Z\u0141 NETTO\u00a0+ VAT 23% W ZALE\u017bNO\u015aCI\u00a0OD ODLEG\u0141O\u015aCI DOSTAWY\u00a0 MO\u017bLIWO\u015a\u0106 SKOMPLETOWANIA PALETY R\u00d3\u017bNYCH [&hellip;]\" \/>\n<meta property=\"og:url\" content=\"https:\/\/a7shop.pl\/index.php\/produkt\/pojemnik-20l\/\" \/>\n<meta property=\"og:site_name\" content=\"A7shop\" \/>\n<meta property=\"article:modified_time\" content=\"2025-11-29T10:08:01+00:00\" \/>\n<meta property=\"og:image\" content=\"https:\/\/a7shop.pl\/wp-content\/uploads\/2025\/03\/Kopia-Picadura-pojemnik-na-odpady-medyczne-2-724x1024-1.webp\" \/>\n\t<meta property=\"og:image:width\" content=\"724\" \/>\n\t<meta property=\"og:image:height\" content=\"1024\" \/>\n\t<meta property=\"og:image:type\" content=\"image\/webp\" \/>\n<meta name=\"twitter:card\" content=\"summary_large_image\" \/>\n<meta name=\"twitter:label1\" content=\"Szacowany czas czytania\" \/>\n\t<meta name=\"twitter:data1\" content=\"1 minuta\" \/>\n<script type=\"application\/ld+json\" class=\"yoast-schema-graph\">{\"@context\":\"https:\\\/\\\/schema.org\",\"@graph\":[{\"@type\":\"WebPage\",\"@id\":\"https:\\\/\\\/a7shop.pl\\\/index.php\\\/produkt\\\/pojemnik-20l\\\/\",\"url\":\"https:\\\/\\\/a7shop.pl\\\/index.php\\\/produkt\\\/pojemnik-20l\\\/\",\"name\":\"Pojemnik 20l - A7shop\",\"isPartOf\":{\"@id\":\"https:\\\/\\\/a7shop.pl\\\/#website\"},\"primaryImageOfPage\":{\"@id\":\"https:\\\/\\\/a7shop.pl\\\/index.php\\\/produkt\\\/pojemnik-20l\\\/#primaryimage\"},\"image\":{\"@id\":\"https:\\\/\\\/a7shop.pl\\\/index.php\\\/produkt\\\/pojemnik-20l\\\/#primaryimage\"},\"thumbnailUrl\":\"https:\\\/\\\/a7shop.pl\\\/wp-content\\\/uploads\\\/2025\\\/03\\\/Kopia-Picadura-pojemnik-na-odpady-medyczne-2-724x1024-1.webp\",\"datePublished\":\"2025-03-24T14:01:56+00:00\",\"dateModified\":\"2025-11-29T10:08:01+00:00\",\"breadcrumb\":{\"@id\":\"https:\\\/\\\/a7shop.pl\\\/index.php\\\/produkt\\\/pojemnik-20l\\\/#breadcrumb\"},\"inLanguage\":\"pl-PL\",\"potentialAction\":[{\"@type\":\"ReadAction\",\"target\":[\"https:\\\/\\\/a7shop.pl\\\/index.php\\\/produkt\\\/pojemnik-20l\\\/\"]}]},{\"@type\":\"ImageObject\",\"inLanguage\":\"pl-PL\",\"@id\":\"https:\\\/\\\/a7shop.pl\\\/index.php\\\/produkt\\\/pojemnik-20l\\\/#primaryimage\",\"url\":\"https:\\\/\\\/a7shop.pl\\\/wp-content\\\/uploads\\\/2025\\\/03\\\/Kopia-Picadura-pojemnik-na-odpady-medyczne-2-724x1024-1.webp\",\"contentUrl\":\"https:\\\/\\\/a7shop.pl\\\/wp-content\\\/uploads\\\/2025\\\/03\\\/Kopia-Picadura-pojemnik-na-odpady-medyczne-2-724x1024-1.webp\",\"width\":724,\"height\":1024},{\"@type\":\"BreadcrumbList\",\"@id\":\"https:\\\/\\\/a7shop.pl\\\/index.php\\\/produkt\\\/pojemnik-20l\\\/#breadcrumb\",\"itemListElement\":[{\"@type\":\"ListItem\",\"position\":1,\"name\":\"Strona g\u0142\u00f3wna\",\"item\":\"https:\\\/\\\/a7shop.pl\\\/\"},{\"@type\":\"ListItem\",\"position\":2,\"name\":\"HOME\",\"item\":\"https:\\\/\\\/a7shop.pl\\\/\"},{\"@type\":\"ListItem\",\"position\":3,\"name\":\"Pojemnik 20l\"}]},{\"@type\":\"WebSite\",\"@id\":\"https:\\\/\\\/a7shop.pl\\\/#website\",\"url\":\"https:\\\/\\\/a7shop.pl\\\/\",\"name\":\"A7shop\",\"description\":\"Oferujemy szeroki wyb\u00f3r specjalistycznych produkt\u00f3w medycznych\",\"alternateName\":\"A7 Sklep\",\"potentialAction\":[{\"@type\":\"SearchAction\",\"target\":{\"@type\":\"EntryPoint\",\"urlTemplate\":\"https:\\\/\\\/a7shop.pl\\\/?s={search_term_string}\"},\"query-input\":{\"@type\":\"PropertyValueSpecification\",\"valueRequired\":true,\"valueName\":\"search_term_string\"}}],\"inLanguage\":\"pl-PL\"}]}<\/script>\n<!-- \/ Yoast SEO plugin. -->","yoast_head_json":{"title":"Pojemnik 20l - A7shop","robots":{"index":"index","follow":"follow","max-snippet":"max-snippet:-1","max-image-preview":"max-image-preview:large","max-video-preview":"max-video-preview:-1"},"canonical":"https:\/\/a7shop.pl\/index.php\/produkt\/pojemnik-20l\/","og_locale":"pl_PL","og_type":"article","og_title":"Pojemnik 20l - A7shop","og_description":"Ceny: Ilo\u015b\u0107: Cena: 1-25 17.44 pln 26-50 17.20 pln 51-100 17.00 pln 100+ Skontaktuj si\u0119 z nami po rabat tel. 501 704 075 PRZY ZAKUPIE CA\u0141EJ PALETY &#8211; 1 SZTUKA 11,34 Z\u0141 NETTO + VAT 23%\u00a0 TRANSPORT OD 160 Z\u0141 NETTO DO 260 Z\u0141 NETTO\u00a0+ VAT 23% W ZALE\u017bNO\u015aCI\u00a0OD ODLEG\u0141O\u015aCI DOSTAWY\u00a0 MO\u017bLIWO\u015a\u0106 SKOMPLETOWANIA PALETY R\u00d3\u017bNYCH [&hellip;]","og_url":"https:\/\/a7shop.pl\/index.php\/produkt\/pojemnik-20l\/","og_site_name":"A7shop","article_modified_time":"2025-11-29T10:08:01+00:00","og_image":[{"width":724,"height":1024,"url":"https:\/\/a7shop.pl\/wp-content\/uploads\/2025\/03\/Kopia-Picadura-pojemnik-na-odpady-medyczne-2-724x1024-1.webp","type":"image\/webp"}],"twitter_card":"summary_large_image","twitter_misc":{"Szacowany czas czytania":"1 minuta"},"schema":{"@context":"https:\/\/schema.org","@graph":[{"@type":"WebPage","@id":"https:\/\/a7shop.pl\/index.php\/produkt\/pojemnik-20l\/","url":"https:\/\/a7shop.pl\/index.php\/produkt\/pojemnik-20l\/","name":"Pojemnik 20l - A7shop","isPartOf":{"@id":"https:\/\/a7shop.pl\/#website"},"primaryImageOfPage":{"@id":"https:\/\/a7shop.pl\/index.php\/produkt\/pojemnik-20l\/#primaryimage"},"image":{"@id":"https:\/\/a7shop.pl\/index.php\/produkt\/pojemnik-20l\/#primaryimage"},"thumbnailUrl":"https:\/\/a7shop.pl\/wp-content\/uploads\/2025\/03\/Kopia-Picadura-pojemnik-na-odpady-medyczne-2-724x1024-1.webp","datePublished":"2025-03-24T14:01:56+00:00","dateModified":"2025-11-29T10:08:01+00:00","breadcrumb":{"@id":"https:\/\/a7shop.pl\/index.php\/produkt\/pojemnik-20l\/#breadcrumb"},"inLanguage":"pl-PL","potentialAction":[{"@type":"ReadAction","target":["https:\/\/a7shop.pl\/index.php\/produkt\/pojemnik-20l\/"]}]},{"@type":"ImageObject","inLanguage":"pl-PL","@id":"https:\/\/a7shop.pl\/index.php\/produkt\/pojemnik-20l\/#primaryimage","url":"https:\/\/a7shop.pl\/wp-content\/uploads\/2025\/03\/Kopia-Picadura-pojemnik-na-odpady-medyczne-2-724x1024-1.webp","contentUrl":"https:\/\/a7shop.pl\/wp-content\/uploads\/2025\/03\/Kopia-Picadura-pojemnik-na-odpady-medyczne-2-724x1024-1.webp","width":724,"height":1024},{"@type":"BreadcrumbList","@id":"https:\/\/a7shop.pl\/index.php\/produkt\/pojemnik-20l\/#breadcrumb","itemListElement":[{"@type":"ListItem","position":1,"name":"Strona g\u0142\u00f3wna","item":"https:\/\/a7shop.pl\/"},{"@type":"ListItem","position":2,"name":"HOME","item":"https:\/\/a7shop.pl\/"},{"@type":"ListItem","position":3,"name":"Pojemnik 20l"}]},{"@type":"WebSite","@id":"https:\/\/a7shop.pl\/#website","url":"https:\/\/a7shop.pl\/","name":"A7shop","description":"Oferujemy szeroki wyb\u00f3r specjalistycznych produkt\u00f3w medycznych","alternateName":"A7 Sklep","potentialAction":[{"@type":"SearchAction","target":{"@type":"EntryPoint","urlTemplate":"https:\/\/a7shop.pl\/?s={search_term_string}"},"query-input":{"@type":"PropertyValueSpecification","valueRequired":true,"valueName":"search_term_string"}}],"inLanguage":"pl-PL"}]}},"_links":{"self":[{"href":"https:\/\/a7shop.pl\/index.php\/wp-json\/wp\/v2\/product\/415","targetHints":{"allow":["GET"]}}],"collection":[{"href":"https:\/\/a7shop.pl\/index.php\/wp-json\/wp\/v2\/product"}],"about":[{"href":"https:\/\/a7shop.pl\/index.php\/wp-json\/wp\/v2\/types\/product"}],"wp:featuredmedia":[{"embeddable":true,"href":"https:\/\/a7shop.pl\/index.php\/wp-json\/wp\/v2\/media\/160"}],"wp:attachment":[{"href":"https:\/\/a7shop.pl\/index.php\/wp-json\/wp\/v2\/media?parent=415"}],"wp:term":[{"taxonomy":"product_brand","embeddable":true,"href":"https:\/\/a7shop.pl\/index.php\/wp-json\/wp\/v2\/product_brand?post=415"},{"taxonomy":"product_cat","embeddable":true,"href":"https:\/\/a7shop.pl\/index.php\/wp-json\/wp\/v2\/product_cat?post=415"},{"taxonomy":"product_tag","embeddable":true,"href":"https:\/\/a7shop.pl\/index.php\/wp-json\/wp\/v2\/product_tag?post=415"}],"curies":[{"name":"wp","href":"https:\/\/api.w.org\/{rel}","templated":true}]}}