{"id":324,"date":"2025-07-22T09:06:32","date_gmt":"2025-07-22T09:06:32","guid":{"rendered":"https:\/\/a7shop.pl\/?post_type=product&#038;p=324"},"modified":"2026-02-02T22:45:09","modified_gmt":"2026-02-02T22:45:09","slug":"zglebnik-sonda-nosowo-zoladkowa-pur-enfit","status":"publish","type":"product","link":"https:\/\/a7shop.pl\/index.php\/produkt\/zglebnik-sonda-nosowo-zoladkowa-pur-enfit\/","title":{"rendered":"Zg\u0142\u0119bnik\/sonda nosowo-\u017co\u0142\u0105dkowa PUR ENFit"},"content":{"rendered":"<table style=\"width: 100%; border-collapse: collapse; height: 115px;\" border=\"1\">\n<tbody>\n<tr style=\"height: 23px;\">\n<td style=\"width: 275.5px; height: 23px;\">Ilo\u015b\u0107:<\/td>\n<td style=\"width: 275.5px; height: 23px;\">Cena:<\/td>\n<\/tr>\n<tr style=\"height: 23px;\">\n<td style=\"width: 275.5px; height: 23px;\">1-25<\/td>\n<td style=\"width: 275.5px; height: 23px;\">41.00 pln<\/td>\n<\/tr>\n<tr style=\"height: 23px;\">\n<td style=\"width: 275.5px; height: 23px;\">26-50<\/td>\n<td style=\"width: 275.5px; height: 23px;\">40.00 pln<\/td>\n<\/tr>\n<tr style=\"height: 23px;\">\n<td style=\"width: 275.5px; height: 23px;\">51-100<\/td>\n<td style=\"width: 275.5px; height: 23px;\">39.00 pln<\/td>\n<\/tr>\n<tr style=\"height: 23px;\">\n<td style=\"width: 275.5px; height: 23px;\">100+<\/td>\n<td style=\"width: 275.5px; height: 23px;\">Skontaktuj si\u0119 z nami po rabat tel. 501 704 075<\/td>\n<\/tr>\n<\/tbody>\n<\/table>\n<p>Zg\u0142\u0119bnik\/sonda nosowo-\u017co\u0142\u0105dkowa PUR z prowadnic\u0105 to zg\u0142\u0119bnik nosowo-\u017co\u0142\u0105dkowy przeznaczony do podawania \u017cywienia dojelitowego do \u017co\u0142\u0105dka przez nos.<\/p>\n<p>Cechy produktu:<br \/>\nSterylny, zgodny z ENFit, wykonany z poliuretanu, widoczny w promieniach rentgenowskich, oznaczenia centymetrowe na ca\u0142ej d\u0142ugo\u015bci zg\u0142\u0119bnika, dwa boczne otwory, zaokr\u0105glona ko\u0144c\u00f3wka u\u0142atwiaj\u0105ca wprowadzenie, prowadnica u\u0142atwiaj\u0105ca wprowadzenie (po\u0142\u0105czenie ENFit) Do 90 dni u\u017cytkowania<\/p>\n<p><strong>Dost\u0119pne rozmiary: CH6\/75cm, CH8\/120cm, CH10\/120cm, CH12\/120cm<\/strong><\/p>\n<p>To jest wyr\u00f3b medyczny -przed zastosowaniem ka\u017cdego wyrobu medycznego nale\u017cy zapozna\u0107 si\u0119 z instrukcj\u0105 u\u017cywania.<\/p>\n<div id=\"gtx-trans\" style=\"position: absolute; left: 150px; top: 294.172px;\">\n<div class=\"gtx-trans-icon\"><\/div>\n<\/div>\n","protected":false},"excerpt":{"rendered":"<p>Ilo\u015b\u0107: Cena: 1-25 41.00 pln 26-50 40.00 pln 51-100 39.00 pln 100+ Skontaktuj si\u0119 z nami po rabat tel. 501 704 075 Zg\u0142\u0119bnik\/sonda nosowo-\u017co\u0142\u0105dkowa PUR z prowadnic\u0105 to zg\u0142\u0119bnik nosowo-\u017co\u0142\u0105dkowy przeznaczony do podawania \u017cywienia dojelitowego do \u017co\u0142\u0105dka przez nos. Cechy produktu: Sterylny, zgodny z ENFit, wykonany z poliuretanu, widoczny w promieniach rentgenowskich, oznaczenia centymetrowe na [&hellip;]<\/p>\n","protected":false},"featured_media":326,"template":"","meta":{"_et_pb_use_builder":"","_et_pb_old_content":"","_et_gb_content_width":""},"product_brand":[],"product_cat":[17,38],"product_tag":[],"class_list":{"0":"post-324","1":"product","2":"type-product","3":"status-publish","4":"has-post-thumbnail","6":"product_cat-wszystkie-produkty","7":"product_cat-hmc","9":"first","10":"instock","11":"taxable","12":"shipping-taxable","13":"purchasable","14":"product-type-variable"},"yoast_head":"<!-- This site is optimized with the Yoast SEO plugin v27.5 - https:\/\/yoast.com\/product\/yoast-seo-wordpress\/ -->\n<title>Zg\u0142\u0119bnik\/sonda nosowo-\u017co\u0142\u0105dkowa PUR ENFit - A7shop<\/title>\n<meta name=\"robots\" content=\"index, follow, max-snippet:-1, max-image-preview:large, max-video-preview:-1\" \/>\n<link rel=\"canonical\" href=\"https:\/\/a7shop.pl\/index.php\/produkt\/zglebnik-sonda-nosowo-zoladkowa-pur-enfit\/\" \/>\n<meta property=\"og:locale\" content=\"pl_PL\" \/>\n<meta property=\"og:type\" content=\"article\" \/>\n<meta property=\"og:title\" content=\"Zg\u0142\u0119bnik\/sonda nosowo-\u017co\u0142\u0105dkowa PUR ENFit - A7shop\" \/>\n<meta property=\"og:description\" content=\"Ilo\u015b\u0107: Cena: 1-25 41.00 pln 26-50 40.00 pln 51-100 39.00 pln 100+ Skontaktuj si\u0119 z nami po rabat tel. 501 704 075 Zg\u0142\u0119bnik\/sonda nosowo-\u017co\u0142\u0105dkowa PUR z prowadnic\u0105 to zg\u0142\u0119bnik nosowo-\u017co\u0142\u0105dkowy przeznaczony do podawania \u017cywienia dojelitowego do \u017co\u0142\u0105dka przez nos. Cechy produktu: Sterylny, zgodny z ENFit, wykonany z poliuretanu, widoczny w promieniach rentgenowskich, oznaczenia centymetrowe na [&hellip;]\" \/>\n<meta property=\"og:url\" content=\"https:\/\/a7shop.pl\/index.php\/produkt\/zglebnik-sonda-nosowo-zoladkowa-pur-enfit\/\" \/>\n<meta property=\"og:site_name\" content=\"A7shop\" \/>\n<meta property=\"article:modified_time\" content=\"2026-02-02T22:45:09+00:00\" \/>\n<meta property=\"og:image\" content=\"https:\/\/a7shop.pl\/wp-content\/uploads\/2025\/04\/Zglebnik-sonda-nosowo-zoladkowa-PUR-ENFIT.png\" \/>\n\t<meta property=\"og:image:width\" content=\"534\" \/>\n\t<meta property=\"og:image:height\" content=\"434\" \/>\n\t<meta property=\"og:image:type\" content=\"image\/png\" \/>\n<meta name=\"twitter:card\" content=\"summary_large_image\" \/>\n<meta name=\"twitter:label1\" content=\"Szacowany czas czytania\" \/>\n\t<meta name=\"twitter:data1\" content=\"1 minuta\" \/>\n<script type=\"application\/ld+json\" class=\"yoast-schema-graph\">{\"@context\":\"https:\\\/\\\/schema.org\",\"@graph\":[{\"@type\":\"WebPage\",\"@id\":\"https:\\\/\\\/a7shop.pl\\\/index.php\\\/produkt\\\/zglebnik-sonda-nosowo-zoladkowa-pur-enfit\\\/\",\"url\":\"https:\\\/\\\/a7shop.pl\\\/index.php\\\/produkt\\\/zglebnik-sonda-nosowo-zoladkowa-pur-enfit\\\/\",\"name\":\"Zg\u0142\u0119bnik\\\/sonda nosowo-\u017co\u0142\u0105dkowa PUR ENFit - A7shop\",\"isPartOf\":{\"@id\":\"https:\\\/\\\/a7shop.pl\\\/#website\"},\"primaryImageOfPage\":{\"@id\":\"https:\\\/\\\/a7shop.pl\\\/index.php\\\/produkt\\\/zglebnik-sonda-nosowo-zoladkowa-pur-enfit\\\/#primaryimage\"},\"image\":{\"@id\":\"https:\\\/\\\/a7shop.pl\\\/index.php\\\/produkt\\\/zglebnik-sonda-nosowo-zoladkowa-pur-enfit\\\/#primaryimage\"},\"thumbnailUrl\":\"https:\\\/\\\/a7shop.pl\\\/wp-content\\\/uploads\\\/2025\\\/04\\\/Zglebnik-sonda-nosowo-zoladkowa-PUR-ENFIT.png\",\"datePublished\":\"2025-07-22T09:06:32+00:00\",\"dateModified\":\"2026-02-02T22:45:09+00:00\",\"breadcrumb\":{\"@id\":\"https:\\\/\\\/a7shop.pl\\\/index.php\\\/produkt\\\/zglebnik-sonda-nosowo-zoladkowa-pur-enfit\\\/#breadcrumb\"},\"inLanguage\":\"pl-PL\",\"potentialAction\":[{\"@type\":\"ReadAction\",\"target\":[\"https:\\\/\\\/a7shop.pl\\\/index.php\\\/produkt\\\/zglebnik-sonda-nosowo-zoladkowa-pur-enfit\\\/\"]}]},{\"@type\":\"ImageObject\",\"inLanguage\":\"pl-PL\",\"@id\":\"https:\\\/\\\/a7shop.pl\\\/index.php\\\/produkt\\\/zglebnik-sonda-nosowo-zoladkowa-pur-enfit\\\/#primaryimage\",\"url\":\"https:\\\/\\\/a7shop.pl\\\/wp-content\\\/uploads\\\/2025\\\/04\\\/Zglebnik-sonda-nosowo-zoladkowa-PUR-ENFIT.png\",\"contentUrl\":\"https:\\\/\\\/a7shop.pl\\\/wp-content\\\/uploads\\\/2025\\\/04\\\/Zglebnik-sonda-nosowo-zoladkowa-PUR-ENFIT.png\",\"width\":534,\"height\":434},{\"@type\":\"BreadcrumbList\",\"@id\":\"https:\\\/\\\/a7shop.pl\\\/index.php\\\/produkt\\\/zglebnik-sonda-nosowo-zoladkowa-pur-enfit\\\/#breadcrumb\",\"itemListElement\":[{\"@type\":\"ListItem\",\"position\":1,\"name\":\"Strona g\u0142\u00f3wna\",\"item\":\"https:\\\/\\\/a7shop.pl\\\/\"},{\"@type\":\"ListItem\",\"position\":2,\"name\":\"HOME\",\"item\":\"https:\\\/\\\/a7shop.pl\\\/\"},{\"@type\":\"ListItem\",\"position\":3,\"name\":\"Zg\u0142\u0119bnik\\\/sonda nosowo-\u017co\u0142\u0105dkowa PUR ENFit\"}]},{\"@type\":\"WebSite\",\"@id\":\"https:\\\/\\\/a7shop.pl\\\/#website\",\"url\":\"https:\\\/\\\/a7shop.pl\\\/\",\"name\":\"A7shop\",\"description\":\"Oferujemy szeroki wyb\u00f3r specjalistycznych produkt\u00f3w medycznych\",\"alternateName\":\"A7 Sklep\",\"potentialAction\":[{\"@type\":\"SearchAction\",\"target\":{\"@type\":\"EntryPoint\",\"urlTemplate\":\"https:\\\/\\\/a7shop.pl\\\/?s={search_term_string}\"},\"query-input\":{\"@type\":\"PropertyValueSpecification\",\"valueRequired\":true,\"valueName\":\"search_term_string\"}}],\"inLanguage\":\"pl-PL\"}]}<\/script>\n<!-- \/ Yoast SEO plugin. -->","yoast_head_json":{"title":"Zg\u0142\u0119bnik\/sonda nosowo-\u017co\u0142\u0105dkowa PUR ENFit - A7shop","robots":{"index":"index","follow":"follow","max-snippet":"max-snippet:-1","max-image-preview":"max-image-preview:large","max-video-preview":"max-video-preview:-1"},"canonical":"https:\/\/a7shop.pl\/index.php\/produkt\/zglebnik-sonda-nosowo-zoladkowa-pur-enfit\/","og_locale":"pl_PL","og_type":"article","og_title":"Zg\u0142\u0119bnik\/sonda nosowo-\u017co\u0142\u0105dkowa PUR ENFit - A7shop","og_description":"Ilo\u015b\u0107: Cena: 1-25 41.00 pln 26-50 40.00 pln 51-100 39.00 pln 100+ Skontaktuj si\u0119 z nami po rabat tel. 501 704 075 Zg\u0142\u0119bnik\/sonda nosowo-\u017co\u0142\u0105dkowa PUR z prowadnic\u0105 to zg\u0142\u0119bnik nosowo-\u017co\u0142\u0105dkowy przeznaczony do podawania \u017cywienia dojelitowego do \u017co\u0142\u0105dka przez nos. Cechy produktu: Sterylny, zgodny z ENFit, wykonany z poliuretanu, widoczny w promieniach rentgenowskich, oznaczenia centymetrowe na [&hellip;]","og_url":"https:\/\/a7shop.pl\/index.php\/produkt\/zglebnik-sonda-nosowo-zoladkowa-pur-enfit\/","og_site_name":"A7shop","article_modified_time":"2026-02-02T22:45:09+00:00","og_image":[{"width":534,"height":434,"url":"https:\/\/a7shop.pl\/wp-content\/uploads\/2025\/04\/Zglebnik-sonda-nosowo-zoladkowa-PUR-ENFIT.png","type":"image\/png"}],"twitter_card":"summary_large_image","twitter_misc":{"Szacowany czas czytania":"1 minuta"},"schema":{"@context":"https:\/\/schema.org","@graph":[{"@type":"WebPage","@id":"https:\/\/a7shop.pl\/index.php\/produkt\/zglebnik-sonda-nosowo-zoladkowa-pur-enfit\/","url":"https:\/\/a7shop.pl\/index.php\/produkt\/zglebnik-sonda-nosowo-zoladkowa-pur-enfit\/","name":"Zg\u0142\u0119bnik\/sonda nosowo-\u017co\u0142\u0105dkowa PUR ENFit - A7shop","isPartOf":{"@id":"https:\/\/a7shop.pl\/#website"},"primaryImageOfPage":{"@id":"https:\/\/a7shop.pl\/index.php\/produkt\/zglebnik-sonda-nosowo-zoladkowa-pur-enfit\/#primaryimage"},"image":{"@id":"https:\/\/a7shop.pl\/index.php\/produkt\/zglebnik-sonda-nosowo-zoladkowa-pur-enfit\/#primaryimage"},"thumbnailUrl":"https:\/\/a7shop.pl\/wp-content\/uploads\/2025\/04\/Zglebnik-sonda-nosowo-zoladkowa-PUR-ENFIT.png","datePublished":"2025-07-22T09:06:32+00:00","dateModified":"2026-02-02T22:45:09+00:00","breadcrumb":{"@id":"https:\/\/a7shop.pl\/index.php\/produkt\/zglebnik-sonda-nosowo-zoladkowa-pur-enfit\/#breadcrumb"},"inLanguage":"pl-PL","potentialAction":[{"@type":"ReadAction","target":["https:\/\/a7shop.pl\/index.php\/produkt\/zglebnik-sonda-nosowo-zoladkowa-pur-enfit\/"]}]},{"@type":"ImageObject","inLanguage":"pl-PL","@id":"https:\/\/a7shop.pl\/index.php\/produkt\/zglebnik-sonda-nosowo-zoladkowa-pur-enfit\/#primaryimage","url":"https:\/\/a7shop.pl\/wp-content\/uploads\/2025\/04\/Zglebnik-sonda-nosowo-zoladkowa-PUR-ENFIT.png","contentUrl":"https:\/\/a7shop.pl\/wp-content\/uploads\/2025\/04\/Zglebnik-sonda-nosowo-zoladkowa-PUR-ENFIT.png","width":534,"height":434},{"@type":"BreadcrumbList","@id":"https:\/\/a7shop.pl\/index.php\/produkt\/zglebnik-sonda-nosowo-zoladkowa-pur-enfit\/#breadcrumb","itemListElement":[{"@type":"ListItem","position":1,"name":"Strona g\u0142\u00f3wna","item":"https:\/\/a7shop.pl\/"},{"@type":"ListItem","position":2,"name":"HOME","item":"https:\/\/a7shop.pl\/"},{"@type":"ListItem","position":3,"name":"Zg\u0142\u0119bnik\/sonda nosowo-\u017co\u0142\u0105dkowa PUR ENFit"}]},{"@type":"WebSite","@id":"https:\/\/a7shop.pl\/#website","url":"https:\/\/a7shop.pl\/","name":"A7shop","description":"Oferujemy szeroki wyb\u00f3r specjalistycznych produkt\u00f3w medycznych","alternateName":"A7 Sklep","potentialAction":[{"@type":"SearchAction","target":{"@type":"EntryPoint","urlTemplate":"https:\/\/a7shop.pl\/?s={search_term_string}"},"query-input":{"@type":"PropertyValueSpecification","valueRequired":true,"valueName":"search_term_string"}}],"inLanguage":"pl-PL"}]}},"_links":{"self":[{"href":"https:\/\/a7shop.pl\/index.php\/wp-json\/wp\/v2\/product\/324","targetHints":{"allow":["GET"]}}],"collection":[{"href":"https:\/\/a7shop.pl\/index.php\/wp-json\/wp\/v2\/product"}],"about":[{"href":"https:\/\/a7shop.pl\/index.php\/wp-json\/wp\/v2\/types\/product"}],"wp:featuredmedia":[{"embeddable":true,"href":"https:\/\/a7shop.pl\/index.php\/wp-json\/wp\/v2\/media\/326"}],"wp:attachment":[{"href":"https:\/\/a7shop.pl\/index.php\/wp-json\/wp\/v2\/media?parent=324"}],"wp:term":[{"taxonomy":"product_brand","embeddable":true,"href":"https:\/\/a7shop.pl\/index.php\/wp-json\/wp\/v2\/product_brand?post=324"},{"taxonomy":"product_cat","embeddable":true,"href":"https:\/\/a7shop.pl\/index.php\/wp-json\/wp\/v2\/product_cat?post=324"},{"taxonomy":"product_tag","embeddable":true,"href":"https:\/\/a7shop.pl\/index.php\/wp-json\/wp\/v2\/product_tag?post=324"}],"curies":[{"name":"wp","href":"https:\/\/api.w.org\/{rel}","templated":true}]}}